{"id":25085,"date":"2022-12-01T11:36:42","date_gmt":"2022-12-01T16:36:42","guid":{"rendered":"https:\/\/mfbblettrage.com\/carrieres\/"},"modified":"2025-12-05T15:06:57","modified_gmt":"2025-12-05T20:06:57","slug":"careers","status":"publish","type":"page","link":"https:\/\/mfbblettrage.com\/en\/careers\/","title":{"rendered":"Careers"},"content":{"rendered":"<p>[et_pb_section fb_built=&#8221;1&#8243; custom_padding_last_edited=&#8221;on|phone&#8221; _builder_version=&#8221;4.21.0&#8243; _module_preset=&#8221;default&#8221; background_image=&#8221;https:\/\/mfbblettrage.com\/wp-content\/uploads\/2022\/12\/services-mfbb.png&#8221; custom_padding=&#8221;150px||150px||true|false&#8221; custom_padding_tablet=&#8221;60px||60px||true|false&#8221; custom_padding_phone=&#8221;60px||60px||true|false&#8221; global_colors_info=&#8221;{}&#8221;][et_pb_row _builder_version=&#8221;4.19.2&#8243; _module_preset=&#8221;default&#8221; custom_margin=&#8221;||||false|false&#8221; global_colors_info=&#8221;{}&#8221;][et_pb_column type=&#8221;4_4&#8243; _builder_version=&#8221;4.19.2&#8243; _module_preset=&#8221;default&#8221; global_colors_info=&#8221;{}&#8221;][et_pb_blurb image_icon_background_color=&#8221;RGBA(255,255,255,0)&#8221; image=&#8221;https:\/\/mfbblettrage.com\/wp-content\/uploads\/2022\/12\/arrow-down-corner.svg&#8221; icon_alignment=&#8221;left&#8221; _builder_version=&#8221;4.27.5&#8243; _module_preset=&#8221;default&#8221; body_font=&#8221;|600|||||||&#8221; body_font_size=&#8221;22px&#8221; body_line_height=&#8221;1.2em&#8221; background_layout=&#8221;dark&#8221; max_width=&#8221;150px&#8221; module_alignment=&#8221;left&#8221; custom_margin=&#8221;||90px||false|false&#8221; custom_margin_tablet=&#8221;||30px||false|false&#8221; custom_margin_phone=&#8221;||30px||false|false&#8221; custom_margin_last_edited=&#8221;on|desktop&#8221; custom_padding_last_edited=&#8221;off|desktop&#8221; global_colors_info=&#8221;{}&#8221;]Careers[\/et_pb_blurb][et_pb_text _builder_version=&#8221;4.27.5&#8243; _module_preset=&#8221;default&#8221; header_font=&#8221;|700|||||||&#8221; header_text_color=&#8221;#FFFFFF&#8221; header_font_size=&#8221;170px&#8221; header_line_height=&#8221;1.2em&#8221; custom_margin=&#8221;||60px||false|false&#8221; custom_margin_tablet=&#8221;||30px||false|false&#8221; custom_margin_phone=&#8221;||30px||false|false&#8221; custom_margin_last_edited=&#8221;on|tablet&#8221; global_colors_info=&#8221;{}&#8221;]<\/p>\n<h1>Looking for talent!<\/h1>\n<p>[\/et_pb_text][\/et_pb_column][\/et_pb_row][\/et_pb_section][et_pb_section fb_built=&#8221;1&#8243; custom_padding_last_edited=&#8221;on|phone&#8221; _builder_version=&#8221;4.21.0&#8243; _module_preset=&#8221;default&#8221; custom_padding=&#8221;||0px||false|false&#8221; custom_padding_tablet=&#8221;0px||0px||true|false&#8221; custom_padding_phone=&#8221;30px||0px||false|false&#8221; global_colors_info=&#8221;{}&#8221;][et_pb_row column_structure=&#8221;1_2,1_2&#8243; _builder_version=&#8221;4.21.0&#8243; _module_preset=&#8221;default&#8221; custom_padding=&#8221;||||false|false&#8221; global_colors_info=&#8221;{}&#8221;][et_pb_column type=&#8221;1_2&#8243; _builder_version=&#8221;4.19.2&#8243; _module_preset=&#8221;default&#8221; global_colors_info=&#8221;{}&#8221;][et_pb_text _builder_version=&#8221;4.27.5&#8243; _module_preset=&#8221;default&#8221; header_2_text_color=&#8221;#000000&#8243; max_width=&#8221;880px&#8221; custom_margin_tablet=&#8221;&#8221; custom_margin_phone=&#8221;||0px||false|false&#8221; custom_margin_last_edited=&#8221;on|phone&#8221; custom_padding_tablet=&#8221;&#8221; custom_padding_phone=&#8221;||0px||false|false&#8221; custom_padding_last_edited=&#8221;on|phone&#8221; global_colors_info=&#8221;{}&#8221;]<\/p>\n<h2>Ready to reach your full potential?<\/h2>\n<p>[\/et_pb_text][\/et_pb_column][et_pb_column type=&#8221;1_2&#8243; _builder_version=&#8221;4.19.2&#8243; _module_preset=&#8221;default&#8221; global_colors_info=&#8221;{}&#8221;][\/et_pb_column][\/et_pb_row][et_pb_row column_structure=&#8221;1_2,1_2&#8243; _builder_version=&#8221;4.21.0&#8243; _module_preset=&#8221;default&#8221; global_colors_info=&#8221;{}&#8221;][et_pb_column type=&#8221;1_2&#8243; disabled_on=&#8221;on|on|off&#8221; _builder_version=&#8221;4.21.0&#8243; _module_preset=&#8221;default&#8221; global_colors_info=&#8221;{}&#8221;][\/et_pb_column][et_pb_column type=&#8221;1_2&#8243; _builder_version=&#8221;4.21.0&#8243; _module_preset=&#8221;default&#8221; global_colors_info=&#8221;{}&#8221;][et_pb_text _builder_version=&#8221;4.27.5&#8243; _module_preset=&#8221;default&#8221; hover_enabled=&#8221;0&#8243; global_colors_info=&#8221;{}&#8221; sticky_enabled=&#8221;0&#8243;]<\/p>\n<h3>Diligence, inspiration, and excellence<\/h3>\n<p>These are the three pillars that enable us to move toward a shared vision. Make your mark within our team; we&#8217;re waiting for you!<\/p>\n<p>[\/et_pb_text][\/et_pb_column][\/et_pb_row][\/et_pb_section][et_pb_section fb_built=&#8221;1&#8243; module_class=&#8221;custom-bg&#8221; _builder_version=&#8221;4.24.2&#8243; _module_preset=&#8221;default&#8221; background_enable_color=&#8221;off&#8221; custom_margin=&#8221;||0px||false|false&#8221; custom_padding=&#8221;0px||0px||true|false&#8221; custom_css_free_form=&#8221;.custom-bg:before {||height:50%;||    bottom: 0%;||}&#8221; global_colors_info=&#8221;{}&#8221;][et_pb_row _builder_version=&#8221;4.21.0&#8243; _module_preset=&#8221;default&#8221; module_alignment=&#8221;left&#8221; module_alignment_tablet=&#8221;center&#8221; module_alignment_phone=&#8221;center&#8221; module_alignment_last_edited=&#8221;on|tablet&#8221; global_colors_info=&#8221;{}&#8221;][et_pb_column type=&#8221;4_4&#8243; _builder_version=&#8221;4.21.0&#8243; _module_preset=&#8221;default&#8221; global_colors_info=&#8221;{}&#8221;][et_pb_image src=&#8221;https:\/\/mfbblettrage.com\/wp-content\/uploads\/2024\/02\/carriere-images.png&#8221; title_text=&#8221;carriere-images&#8221; _builder_version=&#8221;4.24.0&#8243; _module_preset=&#8221;default&#8221; global_colors_info=&#8221;{}&#8221;][\/et_pb_image][\/et_pb_column][\/et_pb_row][\/et_pb_section][et_pb_section fb_built=&#8221;1&#8243; disabled_on=&#8221;on|on|on&#8221; module_class=&#8221;avantages&#8221; _builder_version=&#8221;4.21.0&#8243; _module_preset=&#8221;default&#8221; background_color=&#8221;#ffe144&#8243; disabled=&#8221;on&#8221; global_colors_info=&#8221;{}&#8221;][et_pb_row _builder_version=&#8221;4.21.0&#8243; _module_preset=&#8221;default&#8221; max_width=&#8221;1600px&#8221; global_colors_info=&#8221;{}&#8221;][et_pb_column type=&#8221;4_4&#8243; _builder_version=&#8221;4.21.0&#8243; _module_preset=&#8221;default&#8221; global_colors_info=&#8221;{}&#8221;][et_pb_text _builder_version=&#8221;4.21.0&#8243; _module_preset=&#8221;default&#8221; hover_enabled=&#8221;0&#8243; global_colors_info=&#8221;{}&#8221; sticky_enabled=&#8221;0&#8243;]<\/p>\n<h2>Les avantages MFBB!<\/h2>\n<p>[\/et_pb_text][\/et_pb_column][\/et_pb_row][et_pb_row column_structure=&#8221;1_4,1_4,1_4,1_4&#8243; _builder_version=&#8221;4.21.0&#8243; _module_preset=&#8221;default&#8221; max_width=&#8221;1600px&#8221; custom_padding=&#8221;||0px||false|false&#8221; global_colors_info=&#8221;{}&#8221;][et_pb_column type=&#8221;1_4&#8243; module_class=&#8221;sync-4 ds-vertical-align&#8221; _builder_version=&#8221;4.21.0&#8243; _module_preset=&#8221;default&#8221; background_color=&#8221;#FFFFFF&#8221; custom_padding=&#8221;90px|30px|90px|30px|true|true&#8221; custom_padding_tablet=&#8221;30px||30px||true|true&#8221; custom_padding_phone=&#8221;30px||30px||true|true&#8221; custom_padding_last_edited=&#8221;on|tablet&#8221; global_colors_info=&#8221;{}&#8221;][et_pb_blurb title=&#8221;Un horaire flexible.&#8221; image=&#8221;https:\/\/mfbblettrage.com\/wp-content\/uploads\/2023\/05\/horaire.svg&#8221; image_icon_width=&#8221;72px&#8221; _builder_version=&#8221;4.21.0&#8243; _module_preset=&#8221;default&#8221; header_font=&#8221;|700|||||||&#8221; header_font_size=&#8221;22px&#8221; text_orientation=&#8221;center&#8221; global_colors_info=&#8221;{}&#8221;][\/et_pb_blurb][\/et_pb_column][et_pb_column type=&#8221;1_4&#8243; module_class=&#8221;sync-4 ds-vertical-align&#8221; _builder_version=&#8221;4.21.0&#8243; _module_preset=&#8221;default&#8221; background_color=&#8221;#FFFFFF&#8221; custom_padding=&#8221;90px|30px|90px|30px|true|true&#8221; custom_padding_tablet=&#8221;30px||30px||true|true&#8221; custom_padding_phone=&#8221;30px||30px||true|true&#8221; custom_padding_last_edited=&#8221;on|tablet&#8221; global_colors_info=&#8221;{}&#8221;][et_pb_blurb title=&#8221;Une formule de travail hybride.&#8221; image=&#8221;https:\/\/mfbblettrage.com\/wp-content\/uploads\/2023\/05\/travail-hybride.svg&#8221; image_icon_width=&#8221;112px&#8221; _builder_version=&#8221;4.21.0&#8243; _module_preset=&#8221;default&#8221; header_font=&#8221;|700|||||||&#8221; header_font_size=&#8221;22px&#8221; text_orientation=&#8221;center&#8221; global_colors_info=&#8221;{}&#8221;][\/et_pb_blurb][\/et_pb_column][et_pb_column type=&#8221;1_4&#8243; module_class=&#8221;sync-4 ds-vertical-align&#8221; _builder_version=&#8221;4.21.0&#8243; _module_preset=&#8221;default&#8221; background_color=&#8221;#FFFFFF&#8221; custom_padding=&#8221;90px|30px|90px|30px|true|true&#8221; custom_padding_tablet=&#8221;30px||30px||true|true&#8221; custom_padding_phone=&#8221;30px||30px||true|true&#8221; custom_padding_last_edited=&#8221;on|tablet&#8221; global_colors_info=&#8221;{}&#8221;][et_pb_blurb title=&#8221;Un r\u00e9gime d\u2019assurances  collectives avantageux.&#8221; image=&#8221;https:\/\/mfbblettrage.com\/wp-content\/uploads\/2023\/05\/assurance-collective.svg&#8221; image_icon_width=&#8221;72px&#8221; _builder_version=&#8221;4.21.0&#8243; _module_preset=&#8221;default&#8221; header_font=&#8221;|700|||||||&#8221; header_font_size=&#8221;22px&#8221; text_orientation=&#8221;center&#8221; global_colors_info=&#8221;{}&#8221;][\/et_pb_blurb][\/et_pb_column][et_pb_column type=&#8221;1_4&#8243; module_class=&#8221;sync-4 ds-vertical-align&#8221; _builder_version=&#8221;4.21.0&#8243; _module_preset=&#8221;default&#8221; background_color=&#8221;#FFFFFF&#8221; custom_padding=&#8221;90px|30px|90px|30px|true|true&#8221; custom_padding_tablet=&#8221;30px||30px||true|true&#8221; custom_padding_phone=&#8221;30px||30px||true|true&#8221; custom_padding_last_edited=&#8221;on|tablet&#8221; global_colors_info=&#8221;{}&#8221;][et_pb_blurb title=&#8221;3 semaines de  vacances d\u00e8s ton  arriv\u00e9e.&#8221; image=&#8221;https:\/\/mfbblettrage.com\/wp-content\/uploads\/2023\/05\/vacances.svg&#8221; image_icon_width=&#8221;72px&#8221; _builder_version=&#8221;4.21.0&#8243; _module_preset=&#8221;default&#8221; header_font=&#8221;|700|||||||&#8221; header_font_size=&#8221;22px&#8221; text_orientation=&#8221;center&#8221; global_colors_info=&#8221;{}&#8221;][\/et_pb_blurb][\/et_pb_column][\/et_pb_row][et_pb_row column_structure=&#8221;1_4,1_4,1_4,1_4&#8243; _builder_version=&#8221;4.21.0&#8243; _module_preset=&#8221;default&#8221; max_width=&#8221;1600px&#8221; global_colors_info=&#8221;{}&#8221;][et_pb_column type=&#8221;1_4&#8243; module_class=&#8221;sync-4 ds-vertical-align&#8221; _builder_version=&#8221;4.21.0&#8243; _module_preset=&#8221;default&#8221; background_color=&#8221;#FFFFFF&#8221; custom_padding=&#8221;90px|30px|90px|30px|true|true&#8221; custom_padding_tablet=&#8221;30px||30px||true|true&#8221; custom_padding_phone=&#8221;30px||30px||true|true&#8221; custom_padding_last_edited=&#8221;on|tablet&#8221; global_colors_info=&#8221;{}&#8221;][et_pb_blurb title=&#8221;4 journ\u00e9es maladies  r\u00e9mun\u00e9r\u00e9es.&#8221; image=&#8221;https:\/\/mfbblettrage.com\/wp-content\/uploads\/2023\/05\/journee-maladie.svg&#8221; image_icon_width=&#8221;72px&#8221; _builder_version=&#8221;4.21.0&#8243; _module_preset=&#8221;default&#8221; header_font=&#8221;|700|||||||&#8221; header_font_size=&#8221;22px&#8221; text_orientation=&#8221;center&#8221; global_colors_info=&#8221;{}&#8221;][\/et_pb_blurb][\/et_pb_column][et_pb_column type=&#8221;1_4&#8243; module_class=&#8221;sync-4 ds-vertical-align&#8221; _builder_version=&#8221;4.21.0&#8243; _module_preset=&#8221;default&#8221; background_color=&#8221;#FFFFFF&#8221; custom_padding=&#8221;90px|30px|90px|30px|true|true&#8221; custom_padding_tablet=&#8221;30px||30px||true|true&#8221; custom_padding_phone=&#8221;30px||30px||true|true&#8221; custom_padding_last_edited=&#8221;on|tablet&#8221; global_colors_info=&#8221;{}&#8221;][et_pb_blurb title=&#8221;Des formations en  continue.&#8221; image=&#8221;https:\/\/mfbblettrage.com\/wp-content\/uploads\/2023\/05\/formation.svg&#8221; image_icon_width=&#8221;72px&#8221; _builder_version=&#8221;4.21.0&#8243; _module_preset=&#8221;default&#8221; header_font=&#8221;|700|||||||&#8221; header_font_size=&#8221;22px&#8221; text_orientation=&#8221;center&#8221; global_colors_info=&#8221;{}&#8221;][\/et_pb_blurb][\/et_pb_column][et_pb_column type=&#8221;1_4&#8243; module_class=&#8221;sync-4 ds-vertical-align&#8221; _builder_version=&#8221;4.21.0&#8243; _module_preset=&#8221;default&#8221; background_color=&#8221;#FFFFFF&#8221; custom_padding=&#8221;90px|30px|90px|30px|true|true&#8221; custom_padding_tablet=&#8221;30px||30px||true|true&#8221; custom_padding_phone=&#8221;30px||30px||true|true&#8221; custom_padding_last_edited=&#8221;on|tablet&#8221; global_colors_info=&#8221;{}&#8221;][et_pb_blurb title=&#8221;Des activit\u00e9s team  building.&#8221; image=&#8221;https:\/\/mfbblettrage.com\/wp-content\/uploads\/2023\/05\/team-building.svg&#8221; image_icon_width=&#8221;72px&#8221; _builder_version=&#8221;4.21.0&#8243; _module_preset=&#8221;default&#8221; header_font=&#8221;|700|||||||&#8221; header_font_size=&#8221;22px&#8221; text_orientation=&#8221;center&#8221; global_colors_info=&#8221;{}&#8221;][\/et_pb_blurb][\/et_pb_column][et_pb_column type=&#8221;1_4&#8243; module_class=&#8221;sync-4 ds-vertical-align&#8221; _builder_version=&#8221;4.21.0&#8243; _module_preset=&#8221;default&#8221; background_color=&#8221;#FFFFFF&#8221; custom_padding=&#8221;90px|30px|90px|30px|true|true&#8221; custom_padding_tablet=&#8221;30px||30px||true|true&#8221; custom_padding_phone=&#8221;30px||30px||true|true&#8221; custom_padding_last_edited=&#8221;on|tablet&#8221; global_colors_info=&#8221;{}&#8221;][et_pb_blurb title=&#8221;Des lunchs pay\u00e9s.&#8221; image=&#8221;https:\/\/mfbblettrage.com\/wp-content\/uploads\/2023\/05\/lunch.svg&#8221; image_icon_width=&#8221;72px&#8221; _builder_version=&#8221;4.21.0&#8243; _module_preset=&#8221;default&#8221; header_font=&#8221;|700|||||||&#8221; header_font_size=&#8221;22px&#8221; text_orientation=&#8221;center&#8221; global_colors_info=&#8221;{}&#8221;][\/et_pb_blurb][\/et_pb_column][\/et_pb_row][\/et_pb_section]<\/p>\n","protected":false},"excerpt":{"rendered":"<p>CareersLooking for talent!Ready to reach your full potential?Diligence, inspiration, and excellence These are the three pillars that enable us to move toward a shared vision. Make your mark within our team; we&#8217;re waiting for you!Les avantages MFBB!<\/p>\n","protected":false},"author":1,"featured_media":0,"parent":0,"menu_order":0,"comment_status":"closed","ping_status":"closed","template":"","meta":{"_et_pb_use_builder":"on","_et_pb_old_content":"","_et_gb_content_width":"","inline_featured_image":false,"footnotes":""},"class_list":["post-25085","page","type-page","status-publish","hentry"],"yoast_head":"<!-- This site is optimized with the Yoast SEO plugin v26.5 - https:\/\/yoast.com\/wordpress\/plugins\/seo\/ -->\n<title>Join our team | Apply online | MFBB Lettering<\/title>\n<meta name=\"description\" content=\"Join the dynamic team at MFBB Lettering and contribute to our success in the field of lettering and signage. Discover our career opportunities and apply online to be part of our history of creativity and innovation.\" \/>\n<meta name=\"robots\" content=\"index, follow, max-snippet:-1, max-image-preview:large, max-video-preview:-1\" \/>\n<link rel=\"canonical\" href=\"https:\/\/mfbblettrage.com\/en\/careers\/\" \/>\n<meta property=\"og:locale\" content=\"en_US\" \/>\n<meta property=\"og:type\" content=\"article\" \/>\n<meta property=\"og:title\" content=\"Join our team | Apply online | MFBB Lettering\" \/>\n<meta property=\"og:description\" content=\"Join the dynamic team at MFBB Lettering and contribute to our success in the field of lettering and signage. Discover our career opportunities and apply online to be part of our history of creativity and innovation.\" \/>\n<meta property=\"og:url\" content=\"https:\/\/mfbblettrage.com\/en\/careers\/\" \/>\n<meta property=\"og:site_name\" content=\"MFBB\" \/>\n<meta property=\"article:publisher\" content=\"https:\/\/www.facebook.com\/mfbb.inc\" \/>\n<meta property=\"article:modified_time\" content=\"2025-12-05T20:06:57+00:00\" \/>\n<meta property=\"og:image\" content=\"https:\/\/mfbblettrage.com\/wp-content\/uploads\/2022\/12\/footer-bg.jpg\" \/>\n\t<meta property=\"og:image:width\" content=\"1920\" \/>\n\t<meta property=\"og:image:height\" content=\"603\" \/>\n\t<meta property=\"og:image:type\" content=\"image\/jpeg\" \/>\n<meta name=\"twitter:card\" content=\"summary_large_image\" \/>\n<meta name=\"twitter:label1\" content=\"Est. reading time\" \/>\n\t<meta name=\"twitter:data1\" content=\"1 minute\" \/>\n<script type=\"application\/ld+json\" class=\"yoast-schema-graph\">{\"@context\":\"https:\/\/schema.org\",\"@graph\":[{\"@type\":\"WebPage\",\"@id\":\"https:\/\/mfbblettrage.com\/en\/careers\/\",\"url\":\"https:\/\/mfbblettrage.com\/en\/careers\/\",\"name\":\"Join our team | Apply online | MFBB Lettering\",\"isPartOf\":{\"@id\":\"https:\/\/mfbblettrage.com\/en\/#website\"},\"datePublished\":\"2022-12-01T16:36:42+00:00\",\"dateModified\":\"2025-12-05T20:06:57+00:00\",\"description\":\"Join the dynamic team at MFBB Lettering and contribute to our success in the field of lettering and signage. Discover our career opportunities and apply online to be part of our history of creativity and innovation.\",\"breadcrumb\":{\"@id\":\"https:\/\/mfbblettrage.com\/en\/careers\/#breadcrumb\"},\"inLanguage\":\"en-CA\",\"potentialAction\":[{\"@type\":\"ReadAction\",\"target\":[\"https:\/\/mfbblettrage.com\/en\/careers\/\"]}]},{\"@type\":\"BreadcrumbList\",\"@id\":\"https:\/\/mfbblettrage.com\/en\/careers\/#breadcrumb\",\"itemListElement\":[{\"@type\":\"ListItem\",\"position\":1,\"name\":\"Home\",\"item\":\"https:\/\/mfbblettrage.com\/en\/\"},{\"@type\":\"ListItem\",\"position\":2,\"name\":\"Careers\"}]},{\"@type\":\"WebSite\",\"@id\":\"https:\/\/mfbblettrage.com\/en\/#website\",\"url\":\"https:\/\/mfbblettrage.com\/en\/\",\"name\":\"MFBB Lettrage\",\"description\":\"Lettrage et impression grand format \u00e0 Montr\u00e9al\",\"publisher\":{\"@id\":\"https:\/\/mfbblettrage.com\/en\/#organization\"},\"alternateName\":\"MFBB\",\"potentialAction\":[{\"@type\":\"SearchAction\",\"target\":{\"@type\":\"EntryPoint\",\"urlTemplate\":\"https:\/\/mfbblettrage.com\/en\/?s={search_term_string}\"},\"query-input\":{\"@type\":\"PropertyValueSpecification\",\"valueRequired\":true,\"valueName\":\"search_term_string\"}}],\"inLanguage\":\"en-CA\"},{\"@type\":\"Organization\",\"@id\":\"https:\/\/mfbblettrage.com\/en\/#organization\",\"name\":\"Mfbb\",\"url\":\"https:\/\/mfbblettrage.com\/en\/\",\"logo\":{\"@type\":\"ImageObject\",\"inLanguage\":\"en-CA\",\"@id\":\"https:\/\/mfbblettrage.com\/en\/#\/schema\/logo\/image\/\",\"url\":\"https:\/\/mfbblettrage.com\/wp-content\/uploads\/2022\/12\/Logo-black.png\",\"contentUrl\":\"https:\/\/mfbblettrage.com\/wp-content\/uploads\/2022\/12\/Logo-black.png\",\"width\":432,\"height\":105,\"caption\":\"Mfbb\"},\"image\":{\"@id\":\"https:\/\/mfbblettrage.com\/en\/#\/schema\/logo\/image\/\"},\"sameAs\":[\"https:\/\/www.facebook.com\/mfbb.inc\",\"https:\/\/www.linkedin.com\/company\/mfbb-inc\",\"https:\/\/www.instagram.com\/mfbb.inc\/\"]}]}<\/script>\n<!-- \/ Yoast SEO plugin. -->","yoast_head_json":{"title":"Join our team | Apply online | MFBB Lettering","description":"Join the dynamic team at MFBB Lettering and contribute to our success in the field of lettering and signage. Discover our career opportunities and apply online to be part of our history of creativity and innovation.","robots":{"index":"index","follow":"follow","max-snippet":"max-snippet:-1","max-image-preview":"max-image-preview:large","max-video-preview":"max-video-preview:-1"},"canonical":"https:\/\/mfbblettrage.com\/en\/careers\/","og_locale":"en_US","og_type":"article","og_title":"Join our team | Apply online | MFBB Lettering","og_description":"Join the dynamic team at MFBB Lettering and contribute to our success in the field of lettering and signage. Discover our career opportunities and apply online to be part of our history of creativity and innovation.","og_url":"https:\/\/mfbblettrage.com\/en\/careers\/","og_site_name":"MFBB","article_publisher":"https:\/\/www.facebook.com\/mfbb.inc","article_modified_time":"2025-12-05T20:06:57+00:00","og_image":[{"width":1920,"height":603,"url":"https:\/\/mfbblettrage.com\/wp-content\/uploads\/2022\/12\/footer-bg.jpg","type":"image\/jpeg"}],"twitter_card":"summary_large_image","twitter_misc":{"Est. reading time":"1 minute"},"schema":{"@context":"https:\/\/schema.org","@graph":[{"@type":"WebPage","@id":"https:\/\/mfbblettrage.com\/en\/careers\/","url":"https:\/\/mfbblettrage.com\/en\/careers\/","name":"Join our team | Apply online | MFBB Lettering","isPartOf":{"@id":"https:\/\/mfbblettrage.com\/en\/#website"},"datePublished":"2022-12-01T16:36:42+00:00","dateModified":"2025-12-05T20:06:57+00:00","description":"Join the dynamic team at MFBB Lettering and contribute to our success in the field of lettering and signage. Discover our career opportunities and apply online to be part of our history of creativity and innovation.","breadcrumb":{"@id":"https:\/\/mfbblettrage.com\/en\/careers\/#breadcrumb"},"inLanguage":"en-CA","potentialAction":[{"@type":"ReadAction","target":["https:\/\/mfbblettrage.com\/en\/careers\/"]}]},{"@type":"BreadcrumbList","@id":"https:\/\/mfbblettrage.com\/en\/careers\/#breadcrumb","itemListElement":[{"@type":"ListItem","position":1,"name":"Home","item":"https:\/\/mfbblettrage.com\/en\/"},{"@type":"ListItem","position":2,"name":"Careers"}]},{"@type":"WebSite","@id":"https:\/\/mfbblettrage.com\/en\/#website","url":"https:\/\/mfbblettrage.com\/en\/","name":"MFBB Lettrage","description":"Lettrage et impression grand format \u00e0 Montr\u00e9al","publisher":{"@id":"https:\/\/mfbblettrage.com\/en\/#organization"},"alternateName":"MFBB","potentialAction":[{"@type":"SearchAction","target":{"@type":"EntryPoint","urlTemplate":"https:\/\/mfbblettrage.com\/en\/?s={search_term_string}"},"query-input":{"@type":"PropertyValueSpecification","valueRequired":true,"valueName":"search_term_string"}}],"inLanguage":"en-CA"},{"@type":"Organization","@id":"https:\/\/mfbblettrage.com\/en\/#organization","name":"Mfbb","url":"https:\/\/mfbblettrage.com\/en\/","logo":{"@type":"ImageObject","inLanguage":"en-CA","@id":"https:\/\/mfbblettrage.com\/en\/#\/schema\/logo\/image\/","url":"https:\/\/mfbblettrage.com\/wp-content\/uploads\/2022\/12\/Logo-black.png","contentUrl":"https:\/\/mfbblettrage.com\/wp-content\/uploads\/2022\/12\/Logo-black.png","width":432,"height":105,"caption":"Mfbb"},"image":{"@id":"https:\/\/mfbblettrage.com\/en\/#\/schema\/logo\/image\/"},"sameAs":["https:\/\/www.facebook.com\/mfbb.inc","https:\/\/www.linkedin.com\/company\/mfbb-inc","https:\/\/www.instagram.com\/mfbb.inc\/"]}]}},"_links":{"self":[{"href":"https:\/\/mfbblettrage.com\/en\/wp-json\/wp\/v2\/pages\/25085","targetHints":{"allow":["GET"]}}],"collection":[{"href":"https:\/\/mfbblettrage.com\/en\/wp-json\/wp\/v2\/pages"}],"about":[{"href":"https:\/\/mfbblettrage.com\/en\/wp-json\/wp\/v2\/types\/page"}],"author":[{"embeddable":true,"href":"https:\/\/mfbblettrage.com\/en\/wp-json\/wp\/v2\/users\/1"}],"replies":[{"embeddable":true,"href":"https:\/\/mfbblettrage.com\/en\/wp-json\/wp\/v2\/comments?post=25085"}],"version-history":[{"count":5,"href":"https:\/\/mfbblettrage.com\/en\/wp-json\/wp\/v2\/pages\/25085\/revisions"}],"predecessor-version":[{"id":25096,"href":"https:\/\/mfbblettrage.com\/en\/wp-json\/wp\/v2\/pages\/25085\/revisions\/25096"}],"wp:attachment":[{"href":"https:\/\/mfbblettrage.com\/en\/wp-json\/wp\/v2\/media?parent=25085"}],"curies":[{"name":"wp","href":"https:\/\/api.w.org\/{rel}","templated":true}]}}